{"id":10161,"date":"2024-08-29T12:51:59","date_gmt":"2024-08-29T10:51:59","guid":{"rendered":"https:\/\/bluewhite.sitidev.it\/?page_id=10161"},"modified":"2024-11-13T20:45:25","modified_gmt":"2024-11-13T19:45:25","slug":"la-nostra-famiglia","status":"publish","type":"page","link":"https:\/\/www.bluewhitegroup.it\/index.php\/la-nostra-famiglia\/","title":{"rendered":"la nostra Famiglia"},"content":{"rendered":"\t\t<div data-elementor-type=\"wp-page\" data-elementor-id=\"10161\" class=\"elementor elementor-10161\" data-elementor-post-type=\"page\">\r\n\t\t\t\t\t\t<section class=\"elementor-section elementor-top-section elementor-element elementor-element-c7ac75e elementor-section-full_width elementor-section-height-default elementor-section-height-default qodef-elementor-content-no\" data-id=\"c7ac75e\" data-element_type=\"section\">\r\n\t\t\t\t\t\t<div class=\"elementor-container elementor-column-gap-default\">\r\n\t\t\t\t\t<div class=\"elementor-column elementor-col-50 elementor-top-column elementor-element elementor-element-585fd8c\" data-id=\"585fd8c\" data-element_type=\"column\">\r\n\t\t\t<div class=\"elementor-widget-wrap elementor-element-populated\">\r\n\t\t\t\t\t\t<div class=\"elementor-element elementor-element-6e8a1d8 elementor-widget__width-initial elementor-widget-tablet__width-inherit elementor-widget elementor-widget-valeska_core_section_title\" data-id=\"6e8a1d8\" data-element_type=\"widget\" data-widget_type=\"valeska_core_section_title.default\">\r\n\t\t\t\t<div class=\"elementor-widget-container\">\r\n\t\t\t\t\t<div class=\"qodef-shortcode qodef-m  qodef-section-title qodef-alignment--left  qodef-section-title-appear-animation--no \">\r\n\t\t<p class=\"qodef-m-subtitle\" >le nostre origini<\/p>\r\n\t\t<h2 class=\"qodef-m-title\" style=\"font-weight: 300\">\r\n\t\t\tdavid<br \/> joshach\t<\/h2>\r\n\t\t<p class=\"qodef-m-text\" style=\"margin-top: 17px\">BlueWhiteGroup \u00e8 un&#039;impresa fondata nel 1974 da David Joshach che, fin da giovanissimo, inizia a lavorare nel mondo dei diamanti e delle pi\u00f9 accreditate taglierie internazionali.<\/p>\r\n\t<\/div>\r\n\t\t\t\t<\/div>\r\n\t\t\t\t<\/div>\r\n\t\t\t\t\t<\/div>\r\n\t\t<\/div>\r\n\t\t\t\t<div class=\"elementor-column elementor-col-50 elementor-top-column elementor-element elementor-element-9f39d39\" data-id=\"9f39d39\" data-element_type=\"column\">\r\n\t\t\t<div class=\"elementor-widget-wrap elementor-element-populated\">\r\n\t\t\t\t\t\t<div class=\"elementor-element elementor-element-2dcbce6 elementor-widget elementor-widget-image\" data-id=\"2dcbce6\" data-element_type=\"widget\" data-widget_type=\"image.default\">\r\n\t\t\t\t<div class=\"elementor-widget-container\">\r\n\t\t\t\t\t\t\t\t\t\t\t\t\t\t\t<img fetchpriority=\"high\" decoding=\"async\" width=\"655\" height=\"800\" src=\"https:\/\/www.bluewhitegroup.it\/wp-content\/uploads\/2024\/08\/David-Joshach-ok.jpg\" class=\"attachment-full size-full wp-image-10166\" alt=\"\" srcset=\"https:\/\/www.bluewhitegroup.it\/wp-content\/uploads\/2024\/08\/David-Joshach-ok.jpg 655w, https:\/\/www.bluewhitegroup.it\/wp-content\/uploads\/2024\/08\/David-Joshach-ok-246x300.jpg 246w, https:\/\/www.bluewhitegroup.it\/wp-content\/uploads\/2024\/08\/David-Joshach-ok-600x733.jpg 600w\" sizes=\"(max-width: 655px) 100vw, 655px\" \/>\t\t\t\t\t\t\t\t\t\t\t\t\t\t\t<\/div>\r\n\t\t\t\t<\/div>\r\n\t\t\t\t\t<\/div>\r\n\t\t<\/div>\r\n\t\t\t\t\t<\/div>\r\n\t\t<\/section>\r\n\t\t\t\t<section class=\"elementor-section elementor-top-section elementor-element elementor-element-6f6d6f8 elementor-section-full_width elementor-reverse-tablet elementor-reverse-mobile elementor-section-height-default elementor-section-height-default qodef-elementor-content-no\" data-id=\"6f6d6f8\" data-element_type=\"section\">\r\n\t\t\t\t\t\t<div class=\"elementor-container elementor-column-gap-default\">\r\n\t\t\t\t\t<div class=\"elementor-column elementor-col-50 elementor-top-column elementor-element elementor-element-9d82d4c\" data-id=\"9d82d4c\" data-element_type=\"column\">\r\n\t\t\t<div class=\"elementor-widget-wrap elementor-element-populated\">\r\n\t\t\t\t\t\t<div class=\"elementor-element elementor-element-8ed0c16 elementor-widget elementor-widget-image\" data-id=\"8ed0c16\" data-element_type=\"widget\" data-widget_type=\"image.default\">\r\n\t\t\t\t<div class=\"elementor-widget-container\">\r\n\t\t\t\t\t\t\t\t\t\t\t\t\t\t\t<img decoding=\"async\" width=\"796\" height=\"800\" src=\"https:\/\/www.bluewhitegroup.it\/wp-content\/uploads\/2024\/08\/duomo.jpg\" class=\"attachment-full size-full wp-image-10167\" alt=\"\" srcset=\"https:\/\/www.bluewhitegroup.it\/wp-content\/uploads\/2024\/08\/duomo.jpg 796w, https:\/\/www.bluewhitegroup.it\/wp-content\/uploads\/2024\/08\/duomo-150x150.jpg 150w, https:\/\/www.bluewhitegroup.it\/wp-content\/uploads\/2024\/08\/duomo-768x772.jpg 768w, https:\/\/www.bluewhitegroup.it\/wp-content\/uploads\/2024\/08\/duomo-600x603.jpg 600w, https:\/\/www.bluewhitegroup.it\/wp-content\/uploads\/2024\/08\/duomo-100x100.jpg 100w\" sizes=\"(max-width: 796px) 100vw, 796px\" \/>\t\t\t\t\t\t\t\t\t\t\t\t\t\t\t<\/div>\r\n\t\t\t\t<\/div>\r\n\t\t\t\t\t<\/div>\r\n\t\t<\/div>\r\n\t\t\t\t<div class=\"elementor-column elementor-col-50 elementor-top-column elementor-element elementor-element-ecbf794\" data-id=\"ecbf794\" data-element_type=\"column\">\r\n\t\t\t<div class=\"elementor-widget-wrap elementor-element-populated\">\r\n\t\t\t\t\t\t<div class=\"elementor-element elementor-element-d3c4604 elementor-widget__width-initial elementor-widget-tablet__width-inherit elementor-widget elementor-widget-valeska_core_section_title\" data-id=\"d3c4604\" data-element_type=\"widget\" data-widget_type=\"valeska_core_section_title.default\">\r\n\t\t\t\t<div class=\"elementor-widget-container\">\r\n\t\t\t\t\t<div class=\"qodef-shortcode qodef-m  qodef-section-title qodef-alignment--left  qodef-section-title-appear-animation--no \">\r\n\t\t<p class=\"qodef-m-subtitle\" >la nostra sede<\/p>\r\n\t\t<h2 class=\"qodef-m-title\" style=\"font-weight: 300\">\r\n\t\t\tmilano,<br \/> cuore del<br \/> design\t<\/h2>\r\n\t\t<p class=\"qodef-m-text\" style=\"margin-top: 17px\">Con la sua sede situata nel cuore di Milano, a pochi passi dal Duomo, l\u2019azienda, da sempre guidata dalla famiglia Joshach, si avvale oggi di un team di professionisti che gestiscono il reparto diamante collaborando con i pi\u00f9 importanti istituti gemmologici del mondo, insieme a un team design, produzione e ad un reparto commerciale interno. <\/p>\r\n\t<\/div>\r\n\t\t\t\t<\/div>\r\n\t\t\t\t<\/div>\r\n\t\t\t\t\t<\/div>\r\n\t\t<\/div>\r\n\t\t\t\t\t<\/div>\r\n\t\t<\/section>\r\n\t\t\t\t<section class=\"elementor-section elementor-top-section elementor-element elementor-element-1a691c2 elementor-section-full_width elementor-section-height-default elementor-section-height-default qodef-elementor-content-no\" data-id=\"1a691c2\" data-element_type=\"section\">\r\n\t\t\t\t\t\t<div class=\"elementor-container elementor-column-gap-default\">\r\n\t\t\t\t\t<div class=\"elementor-column elementor-col-50 elementor-top-column elementor-element elementor-element-4321ad6\" data-id=\"4321ad6\" data-element_type=\"column\">\r\n\t\t\t<div class=\"elementor-widget-wrap elementor-element-populated\">\r\n\t\t\t\t\t\t<div class=\"elementor-element elementor-element-784a564 elementor-widget__width-initial elementor-widget-tablet__width-inherit elementor-widget elementor-widget-valeska_core_section_title\" data-id=\"784a564\" data-element_type=\"widget\" data-widget_type=\"valeska_core_section_title.default\">\r\n\t\t\t\t<div class=\"elementor-widget-container\">\r\n\t\t\t\t\t<div class=\"qodef-shortcode qodef-m  qodef-section-title qodef-alignment--left  qodef-section-title-appear-animation--no \">\r\n\t\t<p class=\"qodef-m-subtitle\" >i nostri brand<\/p>\r\n\t\t<h2 class=\"qodef-m-title\" style=\"font-weight: 300\">\r\n\t\t\tdiamanti<br \/> &amp; gioielli\t<\/h2>\r\n\t\t<p class=\"qodef-m-text\" style=\"margin-top: 17px\">La passione di David Joshach per la gioielleria lo ha spinto a dar vita a un gruppo che oggi comprende tre brand: Blue White Diamonds, che opera nell\u2019importazione di diamanti dalle migliori borse mondiali, Jjewels, giovane e raffinato brand di gioielli trendsetter nel mondo della gioielleria unica e preziosa e, infine, la nuova realt\u00e0 di David Fines &amp; Antiques, che corrisponde alla crescente richiesta di mercato di gioielli antichi, pezzi unici e preziosi vintage di cui BlueWhiteGroup \u00e8 raffinato collezionista. <\/p>\r\n\t<\/div>\r\n\t\t\t\t<\/div>\r\n\t\t\t\t<\/div>\r\n\t\t\t\t\t<\/div>\r\n\t\t<\/div>\r\n\t\t\t\t<div class=\"elementor-column elementor-col-50 elementor-top-column elementor-element elementor-element-478328f\" data-id=\"478328f\" data-element_type=\"column\">\r\n\t\t\t<div class=\"elementor-widget-wrap elementor-element-populated\">\r\n\t\t\t\t\t\t<div class=\"elementor-element elementor-element-210a523 elementor-widget elementor-widget-image\" data-id=\"210a523\" data-element_type=\"widget\" data-widget_type=\"image.default\">\r\n\t\t\t\t<div class=\"elementor-widget-container\">\r\n\t\t\t\t\t\t\t\t\t\t\t\t\t\t\t<img decoding=\"async\" width=\"800\" height=\"800\" src=\"https:\/\/www.bluewhitegroup.it\/wp-content\/uploads\/2024\/08\/BBR0845P.jpg\" class=\"attachment-full size-full wp-image-10174\" alt=\"\" srcset=\"https:\/\/www.bluewhitegroup.it\/wp-content\/uploads\/2024\/08\/BBR0845P.jpg 800w, https:\/\/www.bluewhitegroup.it\/wp-content\/uploads\/2024\/08\/BBR0845P-300x300.jpg 300w, https:\/\/www.bluewhitegroup.it\/wp-content\/uploads\/2024\/08\/BBR0845P-150x150.jpg 150w, https:\/\/www.bluewhitegroup.it\/wp-content\/uploads\/2024\/08\/BBR0845P-768x768.jpg 768w, https:\/\/www.bluewhitegroup.it\/wp-content\/uploads\/2024\/08\/BBR0845P-650x650.jpg 650w, https:\/\/www.bluewhitegroup.it\/wp-content\/uploads\/2024\/08\/BBR0845P-600x600.jpg 600w, https:\/\/www.bluewhitegroup.it\/wp-content\/uploads\/2024\/08\/BBR0845P-100x100.jpg 100w\" sizes=\"(max-width: 800px) 100vw, 800px\" \/>\t\t\t\t\t\t\t\t\t\t\t\t\t\t\t<\/div>\r\n\t\t\t\t<\/div>\r\n\t\t\t\t\t<\/div>\r\n\t\t<\/div>\r\n\t\t\t\t\t<\/div>\r\n\t\t<\/section>\r\n\t\t\t\t<section class=\"elementor-section elementor-top-section elementor-element elementor-element-9619aeb elementor-section-full_width elementor-section-content-middle elementor-section-height-default elementor-section-height-default qodef-elementor-content-no\" data-id=\"9619aeb\" data-element_type=\"section\" data-settings=\"{&quot;background_background&quot;:&quot;classic&quot;}\">\r\n\t\t\t\t\t\t<div class=\"elementor-container elementor-column-gap-default\">\r\n\t\t\t\t\t<div class=\"elementor-column elementor-col-100 elementor-top-column elementor-element elementor-element-9e19f2f\" data-id=\"9e19f2f\" data-element_type=\"column\">\r\n\t\t\t<div class=\"elementor-widget-wrap elementor-element-populated\">\r\n\t\t\t\t\t\t<div class=\"elementor-element elementor-element-6c9834c elementor-widget elementor-widget-valeska_core_section_title\" data-id=\"6c9834c\" data-element_type=\"widget\" data-widget_type=\"valeska_core_section_title.default\">\r\n\t\t\t\t<div class=\"elementor-widget-container\">\r\n\t\t\t\t\t<div class=\"qodef-shortcode qodef-m  qodef-section-title qodef-alignment--center  qodef-section-title-appear-animation--no \">\r\n\t\t<p class=\"qodef-m-subtitle\" >BlueWhitegroup<\/p>\r\n\t\t<h3 class=\"qodef-m-title\" style=\"font-weight: 300\">\r\n\t\t\tIL NOSTRO TEAM\t<\/h3>\r\n\t\t<p class=\"qodef-m-text\" >Da decenni BlueWhiteGroup lavora con seriet\u00e0 ed esperienza nel mondo della gioielleria e delle pietre preziose, tanto da essere un vero e proprio punto di riferimento nel mondo del gioiello in Italia e nel mondo. La famiglia resta comunque il punto forte della azienda che, capitalizzando al meglio le proprie capacit\u00e0 diversificate, riesce a coprire vari settori del mondo dei diamanti e della gioielleria.<\/p>\r\n\t<\/div>\r\n\t\t\t\t<\/div>\r\n\t\t\t\t<\/div>\r\n\t\t\t\t\t<\/div>\r\n\t\t<\/div>\r\n\t\t\t\t\t<\/div>\r\n\t\t<\/section>\r\n\t\t<div class=\"elementor-element elementor-element-ee02135 e-flex e-con-boxed e-con e-parent\" data-id=\"ee02135\" data-element_type=\"container\" data-settings=\"{&quot;background_background&quot;:&quot;classic&quot;}\">\r\n\t\t\t\t\t<div class=\"e-con-inner\">\r\n\t\t<div class=\"elementor-element elementor-element-ee3217d e-con-full e-flex e-con e-child\" data-id=\"ee3217d\" data-element_type=\"container\">\r\n\t\t\t\t<div class=\"elementor-element elementor-element-8129de9 elementor-widget elementor-widget-valeska_core_image_with_text\" data-id=\"8129de9\" data-element_type=\"widget\" data-widget_type=\"valeska_core_image_with_text.default\">\r\n\t\t\t\t<div class=\"elementor-widget-container\">\r\n\t\t\t\t\t<div class=\"qodef-shortcode qodef-m  qodef-image-with-text qodef-layout--text-below    qodef-iwt-appear-animation--no \" data-appearing-delay=\"0\">\r\n\t<div class=\"qodef-m-image\">\r\n\r\n\t\r\n\t\r\n\t\t<img loading=\"lazy\" decoding=\"async\" width=\"600\" height=\"600\" src=\"https:\/\/www.bluewhitegroup.it\/wp-content\/uploads\/2024\/08\/David-oggi.jpg\" class=\"attachment-full size-full\" alt=\"\" srcset=\"https:\/\/www.bluewhitegroup.it\/wp-content\/uploads\/2024\/08\/David-oggi.jpg 600w, https:\/\/www.bluewhitegroup.it\/wp-content\/uploads\/2024\/08\/David-oggi-300x300.jpg 300w, https:\/\/www.bluewhitegroup.it\/wp-content\/uploads\/2024\/08\/David-oggi-150x150.jpg 150w, https:\/\/www.bluewhitegroup.it\/wp-content\/uploads\/2024\/08\/David-oggi-100x100.jpg 100w\" sizes=\"(max-width: 600px) 100vw, 600px\" \/>\r\n\t\r\n\t<\/div>\r\n\t<div class=\"qodef-m-content\">\r\n\t\t\t<h6 class=\"qodef-m-title\" >\r\n\t\t\t\t\tDavid Joshach\t\t\t<\/h6>\r\n\t\t\t<p class=\"qodef-m-text\" >Amministratore Unico e fondatore di BlueWhiteGroup con esperienza decennale nel mondo dei diamanti. La sua ben nota capacit\u00e0 di scovare le pietre pi\u00f9 preziose e il suo know-how incomparabile lo rendono unico nel mercato dei diamanti in Italia. Si affidano a lui le pi\u00f9 importanti case d\u2019asta oltre che i pi\u00f9 importanti rivenditori di gioielleria. Le sue ispirazioni danno vita a gioielli unici fra i pi\u00f9 ammirati nel mondo dei preziosi.<\/p>\r\n\t<\/div>\r\n<\/div>\r\n\t\t\t\t<\/div>\r\n\t\t\t\t<\/div>\r\n\t\t\t\t<\/div>\r\n\t\t<div class=\"elementor-element elementor-element-ecdccfd e-con-full e-flex e-con e-child\" data-id=\"ecdccfd\" data-element_type=\"container\">\r\n\t\t\t\t<div class=\"elementor-element elementor-element-62181cf elementor-widget elementor-widget-valeska_core_image_with_text\" data-id=\"62181cf\" data-element_type=\"widget\" data-widget_type=\"valeska_core_image_with_text.default\">\r\n\t\t\t\t<div class=\"elementor-widget-container\">\r\n\t\t\t\t\t<div class=\"qodef-shortcode qodef-m  qodef-image-with-text qodef-layout--text-below    qodef-iwt-appear-animation--no \" data-appearing-delay=\"0\">\r\n\t<div class=\"qodef-m-image\">\r\n\r\n\t\r\n\t\r\n\t\t<img loading=\"lazy\" decoding=\"async\" width=\"800\" height=\"800\" src=\"https:\/\/www.bluewhitegroup.it\/wp-content\/uploads\/2024\/08\/JACOV.jpg\" class=\"attachment-full size-full\" alt=\"\" srcset=\"https:\/\/www.bluewhitegroup.it\/wp-content\/uploads\/2024\/08\/JACOV.jpg 800w, https:\/\/www.bluewhitegroup.it\/wp-content\/uploads\/2024\/08\/JACOV-300x300.jpg 300w, https:\/\/www.bluewhitegroup.it\/wp-content\/uploads\/2024\/08\/JACOV-150x150.jpg 150w, https:\/\/www.bluewhitegroup.it\/wp-content\/uploads\/2024\/08\/JACOV-768x768.jpg 768w, https:\/\/www.bluewhitegroup.it\/wp-content\/uploads\/2024\/08\/JACOV-650x650.jpg 650w, https:\/\/www.bluewhitegroup.it\/wp-content\/uploads\/2024\/08\/JACOV-600x600.jpg 600w, https:\/\/www.bluewhitegroup.it\/wp-content\/uploads\/2024\/08\/JACOV-100x100.jpg 100w\" sizes=\"(max-width: 800px) 100vw, 800px\" \/>\r\n\t\r\n\t<\/div>\r\n\t<div class=\"qodef-m-content\">\r\n\t\t\t<h6 class=\"qodef-m-title\" >\r\n\t\t\t\t\tjacov joshach\t\t\t<\/h6>\r\n\t\t\t<p class=\"qodef-m-text\" >Socio e figlio di David Joshach, segue ormai da anni il percorso del padre. Con un diploma in gemmologia ed esperienza nelle fiere pi\u00f9 importanti del settore si occupa del brand Jjewels Milano e della gestione della distribuzione commerciale della gioielleria del gruppo.<\/p>\r\n\t<\/div>\r\n<\/div>\r\n\t\t\t\t<\/div>\r\n\t\t\t\t<\/div>\r\n\t\t\t\t<\/div>\r\n\t\t<div class=\"elementor-element elementor-element-4d0bf49 e-con-full e-flex e-con e-child\" data-id=\"4d0bf49\" data-element_type=\"container\">\r\n\t\t\t\t<div class=\"elementor-element elementor-element-a0d197c elementor-widget elementor-widget-valeska_core_image_with_text\" data-id=\"a0d197c\" data-element_type=\"widget\" data-widget_type=\"valeska_core_image_with_text.default\">\r\n\t\t\t\t<div class=\"elementor-widget-container\">\r\n\t\t\t\t\t<div class=\"qodef-shortcode qodef-m  qodef-image-with-text qodef-layout--text-below    qodef-iwt-appear-animation--no \" data-appearing-delay=\"0\">\r\n\t<div class=\"qodef-m-image\">\r\n\r\n\t\r\n\t\r\n\t\t<img loading=\"lazy\" decoding=\"async\" width=\"395\" height=\"395\" src=\"https:\/\/www.bluewhitegroup.it\/wp-content\/uploads\/2024\/08\/DEBBIE.jpg\" class=\"attachment-full size-full\" alt=\"\" srcset=\"https:\/\/www.bluewhitegroup.it\/wp-content\/uploads\/2024\/08\/DEBBIE.jpg 395w, https:\/\/www.bluewhitegroup.it\/wp-content\/uploads\/2024\/08\/DEBBIE-300x300.jpg 300w, https:\/\/www.bluewhitegroup.it\/wp-content\/uploads\/2024\/08\/DEBBIE-150x150.jpg 150w, https:\/\/www.bluewhitegroup.it\/wp-content\/uploads\/2024\/08\/DEBBIE-100x100.jpg 100w\" sizes=\"(max-width: 395px) 100vw, 395px\" \/>\r\n\t\r\n\t<\/div>\r\n\t<div class=\"qodef-m-content\">\r\n\t\t\t<h6 class=\"qodef-m-title\" >\r\n\t\t\t\t\tdebbie joshach\t\t\t<\/h6>\r\n\t\t\t<p class=\"qodef-m-text\" >Socia e figlia di David Joshach si occupa dello sviluppo della produzione di gioielleria in conto terzi. Diplomata in gemmologia, decide di affiancare il reparto produzione per garantire continua ricerca, innovazione, qualit\u00e0 del prodotto e competitivit\u00e0 dei gioielli. Grazie alle sue competenze BlueWhiteGroup \u00e8 in grado di gestire la produzione per i pi\u00f9 importanti brand di gioielleria internazionali.<\/p>\r\n\t<\/div>\r\n<\/div>\r\n\t\t\t\t<\/div>\r\n\t\t\t\t<\/div>\r\n\t\t\t\t<\/div>\r\n\t\t<div class=\"elementor-element elementor-element-ba88dc3 e-con-full e-flex e-con e-child\" data-id=\"ba88dc3\" data-element_type=\"container\">\r\n\t\t\t\t<div class=\"elementor-element elementor-element-d9a8be5 elementor-widget elementor-widget-valeska_core_image_with_text\" data-id=\"d9a8be5\" data-element_type=\"widget\" data-widget_type=\"valeska_core_image_with_text.default\">\r\n\t\t\t\t<div class=\"elementor-widget-container\">\r\n\t\t\t\t\t<div class=\"qodef-shortcode qodef-m  qodef-image-with-text qodef-layout--text-below    qodef-iwt-appear-animation--no \" data-appearing-delay=\"0\">\r\n\t<div class=\"qodef-m-image\">\r\n\r\n\t\r\n\t\r\n\t\t<img loading=\"lazy\" decoding=\"async\" src=\"https:\/\/www.bluewhitegroup.it\/wp-content\/uploads\/2024\/09\/Avi2-okdef-600x600.jpg\" alt=\"\" width=\"600\" height=\"600\" data-ratio=\"1\" \/>\r\n\t\r\n\t<\/div>\r\n\t<div class=\"qodef-m-content\">\r\n\t\t\t<h6 class=\"qodef-m-title\" >\r\n\t\t\t\t\tavi bueno\t\t\t<\/h6>\r\n\t\t\t<p class=\"qodef-m-text\" >Socio e nipote di David Joshach si occupa principalmente dell\u2019acquisto, della vendita e della fornitura di diamanti a tutti i settori del gruppo. I suoi viaggi e contatti nelle principali borse di diamanti nel mondo permettono a BlueWhiteGroup di garantire qualit\u00e0 e competitivit\u00e0 uniche nel mercato<\/p>\r\n\t<\/div>\r\n<\/div>\r\n\t\t\t\t<\/div>\r\n\t\t\t\t<\/div>\r\n\t\t\t\t<\/div>\r\n\t\t\t\t\t<\/div>\r\n\t\t\t\t<\/div>\r\n\t\t\t\t<section class=\"elementor-section elementor-top-section elementor-element elementor-element-c303cf9 elementor-section-full_width elementor-section-content-middle elementor-section-height-default elementor-section-height-default qodef-elementor-content-no\" data-id=\"c303cf9\" data-element_type=\"section\" data-settings=\"{&quot;background_background&quot;:&quot;classic&quot;}\">\r\n\t\t\t\t\t\t<div class=\"elementor-container elementor-column-gap-default\">\r\n\t\t\t\t\t<div class=\"elementor-column elementor-col-100 elementor-top-column elementor-element elementor-element-08381f0\" data-id=\"08381f0\" data-element_type=\"column\">\r\n\t\t\t<div class=\"elementor-widget-wrap elementor-element-populated\">\r\n\t\t\t\t\t\t<div class=\"elementor-element elementor-element-4ec6b30 elementor-widget elementor-widget-valeska_core_section_title\" data-id=\"4ec6b30\" data-element_type=\"widget\" data-widget_type=\"valeska_core_section_title.default\">\r\n\t\t\t\t<div class=\"elementor-widget-container\">\r\n\t\t\t\t\t<div class=\"qodef-shortcode qodef-m  qodef-section-title qodef-alignment--center  qodef-section-title-appear-animation--no \">\r\n\t\t\t\t<\/div>\r\n\t\t\t\t<\/div>\r\n\t\t\t\t<\/div>\r\n\t\t\t\t\t<\/div>\r\n\t\t<\/div>\r\n\t\t\t\t\t<\/div>\r\n\t\t<\/section>\r\n\t\t\t\t<section class=\"elementor-section elementor-top-section elementor-element elementor-element-539bb97 elementor-section-full_width elementor-section-content-middle elementor-section-height-default elementor-section-height-default qodef-elementor-content-no\" data-id=\"539bb97\" data-element_type=\"section\" data-settings=\"{&quot;background_background&quot;:&quot;classic&quot;}\">\r\n\t\t\t\t\t\t<div class=\"elementor-container elementor-column-gap-default\">\r\n\t\t\t\t\t<div class=\"elementor-column elementor-col-100 elementor-top-column elementor-element elementor-element-dd4bb36\" data-id=\"dd4bb36\" data-element_type=\"column\">\r\n\t\t\t<div class=\"elementor-widget-wrap elementor-element-populated\">\r\n\t\t\t\t\t\t<div class=\"elementor-element elementor-element-aa2f384 elementor-widget elementor-widget-valeska_core_section_title\" data-id=\"aa2f384\" data-element_type=\"widget\" data-widget_type=\"valeska_core_section_title.default\">\r\n\t\t\t\t<div class=\"elementor-widget-container\">\r\n\t\t\t\t\t<div class=\"qodef-shortcode qodef-m  qodef-section-title qodef-alignment--center  qodef-section-title-appear-animation--no \">\r\n\t\t<p class=\"qodef-m-subtitle\" >Newsletter<\/p>\r\n\t\t<h3 class=\"qodef-m-title\" style=\"font-weight: 300\">\r\n\t\t\tiscriviti per<br \/> aggiornamenti\t<\/h3>\r\n\t\t<\/div>\r\n\t\t\t\t<\/div>\r\n\t\t\t\t<\/div>\r\n\t\t\t\t<div class=\"elementor-element elementor-element-a0e605a elementor-widget__width-initial elementor-widget elementor-widget-wp-widget-valeska_core_contact_form_7\" data-id=\"a0e605a\" data-element_type=\"widget\" data-widget_type=\"wp-widget-valeska_core_contact_form_7.default\">\r\n\t\t\t\t<div class=\"elementor-widget-container\">\r\n\t\t\t\t\t\t\t\t<div class=\"qodef-contact-form-7\">\r\n\t\t\t\t\n<div class=\"wpcf7 no-js\" id=\"wpcf7-f427-o1\" lang=\"en-US\" dir=\"ltr\" data-wpcf7-id=\"427\">\n<div class=\"screen-reader-response\"><p role=\"status\" aria-live=\"polite\" aria-atomic=\"true\"><\/p> <ul><\/ul><\/div>\n<form action=\"\/index.php\/wp-json\/wp\/v2\/pages\/10161#wpcf7-f427-o1\" method=\"post\" class=\"wpcf7-form init\" aria-label=\"Contact form\" novalidate=\"novalidate\" data-status=\"init\">\n<div style=\"display: none;\">\n<input type=\"hidden\" name=\"_wpcf7\" value=\"427\" \/>\n<input type=\"hidden\" name=\"_wpcf7_version\" value=\"6.0.4\" \/>\n<input type=\"hidden\" name=\"_wpcf7_locale\" value=\"en_US\" \/>\n<input type=\"hidden\" name=\"_wpcf7_unit_tag\" value=\"wpcf7-f427-o1\" \/>\n<input type=\"hidden\" name=\"_wpcf7_container_post\" value=\"0\" \/>\n<input type=\"hidden\" name=\"_wpcf7_posted_data_hash\" value=\"\" \/>\n<\/div>\n<div class=\"qodef-horizontal-newsletter-form qodef--dark\">\n\t<p><span class=\"wpcf7-form-control-wrap\" data-name=\"your-email\"><input size=\"40\" maxlength=\"400\" class=\"wpcf7-form-control wpcf7-email wpcf7-validates-as-required wpcf7-text wpcf7-validates-as-email\" aria-required=\"true\" aria-invalid=\"false\" placeholder=\"E-mail\" value=\"\" type=\"email\" name=\"your-email\" \/><\/span><button class=\"wpcf7-form-control wpcf7-submit qodef-layout--outlined qodef-button qodef-size--normal qodef-layout--filled qodef-m\" type=\"submit\"><span class=\"qodef-m-text\">Iscriviti<\/span><\/button>\n\t<\/p>\n<\/div><div class=\"wpcf7-response-output\" aria-hidden=\"true\"><\/div>\n<\/form>\n<\/div>\n\t\t\t<\/div>\r\n\t\t\t\t\t\t\t<\/div>\r\n\t\t\t\t<\/div>\r\n\t\t\t\t\t<\/div>\r\n\t\t<\/div>\r\n\t\t\t\t\t<\/div>\r\n\t\t<\/section>\r\n\t\t\t\t<\/div>\r\n\t\t","protected":false},"excerpt":{"rendered":"<p>le nostre origini david joshach BlueWhiteGroup \u00e8 un&#039;impresa fondata nel 1974 da David Joshach che, fin da giovanissimo, inizia a lavorare nel mondo dei diamanti e delle pi\u00f9 accreditate taglierie internazionali. la nostra sede milano, cuore del design Con la sua sede situata nel cuore di Milano, a pochi passi dal Duomo, l\u2019azienda, da sempre [&hellip;]<\/p>\n","protected":false},"author":1,"featured_media":0,"parent":0,"menu_order":0,"comment_status":"closed","ping_status":"closed","template":"page-full-width.php","meta":{"footnotes":""},"class_list":["post-10161","page","type-page","status-publish","hentry"],"_links":{"self":[{"href":"https:\/\/www.bluewhitegroup.it\/index.php\/wp-json\/wp\/v2\/pages\/10161","targetHints":{"allow":["GET"]}}],"collection":[{"href":"https:\/\/www.bluewhitegroup.it\/index.php\/wp-json\/wp\/v2\/pages"}],"about":[{"href":"https:\/\/www.bluewhitegroup.it\/index.php\/wp-json\/wp\/v2\/types\/page"}],"author":[{"embeddable":true,"href":"https:\/\/www.bluewhitegroup.it\/index.php\/wp-json\/wp\/v2\/users\/1"}],"replies":[{"embeddable":true,"href":"https:\/\/www.bluewhitegroup.it\/index.php\/wp-json\/wp\/v2\/comments?post=10161"}],"version-history":[{"count":25,"href":"https:\/\/www.bluewhitegroup.it\/index.php\/wp-json\/wp\/v2\/pages\/10161\/revisions"}],"predecessor-version":[{"id":10401,"href":"https:\/\/www.bluewhitegroup.it\/index.php\/wp-json\/wp\/v2\/pages\/10161\/revisions\/10401"}],"wp:attachment":[{"href":"https:\/\/www.bluewhitegroup.it\/index.php\/wp-json\/wp\/v2\/media?parent=10161"}],"curies":[{"name":"wp","href":"https:\/\/api.w.org\/{rel}","templated":true}]}}